{"id":1566,"date":"2016-06-11T13:08:39","date_gmt":"2016-06-11T10:08:39","guid":{"rendered":"http:\/\/ecadent.hostcluster.eu\/hu\/?page_id=1566"},"modified":"2016-06-11T17:14:52","modified_gmt":"2016-06-11T14:14:52","slug":"betegsegek","status":"publish","type":"page","link":"https:\/\/ecadent.ro\/hu\/betegsegek.html","title":{"rendered":"Betegs\u00e9gek"},"content":{"rendered":"<section class=\"av_textblock_section \"  itemscope=\"itemscope\" itemtype=\"https:\/\/schema.org\/CreativeWork\" ><div class='avia_textblock  '   itemprop=\"text\" ><h2>R\u00f6viden a fogszuvasod\u00e1sr\u00f3l!<\/h2>\n<p>A fogszuvasod\u00e1sa kem\u00e9ny fog\u00e1szati sz\u00f6veteknek egy kr\u00f3nikus pusztul\u00e1si folyamata, gyullad\u00e1s okoz\u00e1sa n\u00e9lk\u00fcl, amely a kem\u00e9ny sz\u00f6vetek megsemmis\u00fcl\u00e9s\u00e9hez vezet. A fogkorona \u00fcregeinek, majd a gy\u00f6k\u00e9rnek pusztul\u00e1s\u00e1t vonja maga ut\u00e1n, \u00e9s v\u00e9g\u00fcl a fog elveszt\u00e9s\u00e9t, a kem\u00e9ny sz\u00f6vetek helyzeti kihal\u00e1sa miatt, mikroorganizmusok jelenl\u00e9t\u00e9ben.<br \/>\nNagyon fontos megjegyezni, hogy a fogszuvasod\u00e1s csak a saj\u00e1t fogakn\u00e1l jelenik meg, sosem a teljesen bevont, vagy a sz\u00e1j\u00fcregben nagyon j\u00f3l elhat\u00e1rolt fogakn\u00e1l-mint p\u00e9ld\u00e1ul a f\u00e9m koron\u00e1val bevont, vagy fizion\u00f3miailag\u00a0 j\u00f3l illeszked\u0151 fogak.<\/p>\n<p><strong>A fogszuvasod\u00e1s megjelen\u00e9s\u00e9nek okai <\/strong>sokf\u00e9l\u00e9k, sz\u00e1mos kiadott becsl\u00e9s \u00e9s bizony\u00edt\u00e9k van a betegs\u00e9get okoz\u00f3 mechanizmusokr\u00f3l, de a fogszuvasod\u00e1s legf\u0151bb megjelen\u00e9si \u00e9s fejl\u0151d\u00e9si faktorai a k\u00f6vetkez\u0151k:<\/p>\n<ul>\n<li>A p\u00e1ciens saj\u00e1tos tulajdons\u00e1gai, teh\u00e1t a fogzom\u00e1nc min\u0151s\u00e9ge\u00e9s a ny\u00e1lminta<\/li>\n<li>A sz\u00e1j\u00fcreg mikrob\u00e1lis fl\u00f3r\u00e1ja, amely kedvez\u0151 savas k\u00f6rnyezetet teremt a fogzom\u00e1nc \u00e1sv\u00e1nytartalm\u00e1nak.<\/li>\n<li>F\u0151leg sz\u00e9nhidr\u00e1ttartalm\u00fa \u00e9trend<\/li>\n<\/ul>\n<p><strong>A fogszuvasod\u00e1s megakad\u00e1lyozhat\u00f3 a k\u00f6vetkez\u0151 k\u00e9ppen:<\/strong><\/p>\n<ul>\n<li>Helyes fogtiszt\u00edt\u00e1s, legal\u00e1bb napi k\u00e9t alkalommal, reggel \u00e9s este.<\/li>\n<li>A tov\u00e1bbi hig\u00e9niai forr\u00e1sok egyes\u00edt\u00e9se: fogselyem, sz\u00e1j\u00f6bl\u00edt\u0151, g\u00e9lekkel \u00e9s szerekkel val\u00f3 fluoriz\u00e1l\u00e1s.<\/li>\n<li>professzion\u00e1lis fogtiszt\u00edt\u00e1s \u00e9s megfigyel\u00e9s, legal\u00e1bb \u00e9vente k\u00e9tszer.<\/li>\n<li>id\u0151szakos vizsg\u00e1lat a fog\u00e1szati rendel\u0151n\u00e9l<\/li>\n<li>fogszuvasod\u00e1st okoz\u00f3 \u00e9lelmiszerek elker\u00fcl\u00e9se: f\u0151leg a cukorban gazdag \u00e9lelmiszerek.<\/li>\n<\/ul>\n<p><strong>Fogszuvasod\u00e1s t\u00edpusok:<\/strong><\/p>\n<ul>\n<li>fogszuvasod\u00e1s a bar\u00e1zd\u00e1kban \u00e9s m\u00e9lyed\u00e9sekben-ez a fog bar\u00e1zd\u00e1iban \u00e9s m\u00e9lyed\u00e9seiben alakul ki a h\u00e1ts\u00f3fogak r\u00e1g\u00f3fel\u00fclet\u00e9n.<\/li>\n<li>fogszuvasod\u00e1s a sima fogfel\u00fcleten-a fog oldalfel\u00fclet\u00e9n jelenik meg, \u00e9s tartalmazza a csontsz\u00fat is, amely a szomsz\u00e9dos fogak k\u00f6zt alakul ki.<\/li>\n<li>fogszuvasod\u00e1s a fog gy\u00f6ker\u00e9n-kiterjedhet az \u00edny vonal\u00e1ig.<\/li>\n<li>m\u00e1sodlagos fogszuvasod\u00e1s-ott alakul ki, ahol m\u00e1r van egy z\u00e1rolt \u00fcreg, teh\u00e1t egy \u201et\u00f6m\u00e9s\u201d, ami nincs j\u00f3l elhelyezve.<\/li>\n<\/ul>\n<p>Fogb\u00e9l gyullad\u00e1sok<\/p>\n<p><strong>T\u00fcnetek<\/strong><\/p>\n<p>A gyulladt fogb\u00e9lben a legfontosabb szubjekt\u00edv megnyilatkoz\u00e1st a f\u00e1jdalom jelenti, amely az els\u0151 st\u00e1diumban enyhe,\u00e9s korl\u00e1tozott idej\u0171. Ahogyan a gyullad\u00e1s kiterjed, a f\u00e1jdalom egyre er\u0151sebb\u00e9 v\u00e1lik, szinte kib\u00edrhatatlan, ezt nevezik \u201ea fogak veszetts\u00e9g\u00e9nek\u201d, nem sz\u0171nik a f\u00e1jdalomcsillap\u00edt\u00f3k haszn\u00e1lat\u00e1val sem, \u00e1tsug\u00e1rzik a szomsz\u00e9dos fogakra is, az ellent\u00e9tes \u00e1llkapocsra, f\u00fclre, a tempor\u00e1lis r\u00e9gi\u00f3ra, nyaksz\u00edrtre, annyira, hogy a p\u00e1ciens nem tudja meghat\u00e1rozni a beteg fogat.<br \/>\nEzzel ellent\u00e9tben a kr\u00f3nikus gyullad\u00e1s\u00fa fogb\u00e9lben a f\u00e1jdalom m\u00e1r nem er\u0151s, csak megjelenik egy zavar\u00f3 f\u00e1jdalom r\u00e1g\u00e1skor. Ez figyelmezteti a beteget, hogy jelentkezzen az orvosn\u00e1l, mert ebben az esetben egy fogszuvasod\u00e1si folyamatr\u00f3l van sz\u00f3, amely t\u00f6nkreteszi a koron\u00e1t, visszatart az \u00e9tkez\u00e9st\u0151l \u00e9s kellemetlen szaga van.<\/p>\n<p><strong>Kezel\u00e9s<\/strong><\/p>\n<p>F\u00fcggetlen\u00fcl att\u00f3l, hogy f\u00e1jdalommal j\u00e1r, vagy nem, a kr\u00f3nikus vagy akut fogb\u00e9lgyullad\u00e1s endodontikus kezel\u00e9st ig\u00e9nyel, \u201daz ideg elt\u00e1vol\u00edt\u00e1sa\u201d. Ezt a kezel\u00e9st helyi \u00e9rz\u00e9stelen\u00edt\u00e9ssel v\u00e9gzik, teh\u00e1t nem f\u00e1jdalmas a p\u00e1ciensnek. A kezdeti \u00e9rz\u00e9stelen\u00edt\u00e9s ut\u00e1n elt\u00e1vol\u00edtj\u00e1k a gyulladt fogb\u00e9l-sz\u00f6vetet \u00e9s kemo-mechanikai kezel\u00e9st v\u00e9geznek, teh\u00e1t fert\u0151tlen\u00edt\u0151 szerekkel kimoss\u00e1k \u00e9s elt\u00e1vol\u00edtj\u00e1k az \u00f6sszes szerves \u00e9s szervetlen marad\u00e9kot a fogcsatorna szintj\u00e9n, amelyet \u00edgy felk\u00e9sz\u00edtenek a gy\u00f6k\u00e9rkezel\u00e9sre. A gy\u00f6k\u00e9rkezel\u00e9s v\u00e9grehajthat\u00f3 ezen alkalommal, vagy k\u00f6vetkez\u0151leg, a gyullad\u00e1s m\u00e9rt\u00e9k\u00e9t\u0151l f\u00fcgg\u0151en. A gy\u00f6k\u00e9rkezel\u00e9s ut\u00e1n egy ellen\u0151rz\u00e9si r\u00f6ntgenfelv\u00e9telt k\u00e9sz\u00edtenek, majd ki\u00e9p\u00edtik a fogkoron\u00e1t egy t\u00f6m\u00e9ssel (\u201et\u00f6lt\u00e9s\u201d) vagy egy koronapakol\u00e1ssal, a fog \u00e1llapot\u00e1nak ar\u00e1ny\u00e1t\u00f3l f\u00fcgg\u0151en.<\/p>\n<p><strong>Most itt az ideje egy brackett kezel\u00e9s aj\u00e1nl\u00e1s\u00e1nak, amelynek nincs sz\u00fcks\u00e9ge rugalmas, vagy f\u00e9m lek\u00f6t\u00e9sre.<\/strong><\/p>\n<p><strong>\u00a0<\/strong>Jelenleg cs\u00f6kkentett er\u0151fesz\u00edt\u00e9seket kell alkalmazniuk a fogszab\u00e1lyz\u00f3 orvosok, f\u00fcggetlen\u00fcl a fogszab\u00e1lyz\u00f3 k\u00e9sz\u00fcl\u00e9kt\u0151l. A Damon szerkezet jeleskedik ebben a fejezetben. Min\u00e9l (light) enyh\u00e9bb eszk\u00f6z\u00f6k-a legjobb biol\u00f3giai v\u00e1lasz erre. Elt\u00e9r\u0151en a klasszikus szerkezetekt\u0151l, a Damon szerkezet alkot\u00e1s\u00e1ban egy \u00f6nlek\u00f6t\u0151 van, a f\u00e9mes elemek \u00e9s f\u00e9mes \u00edv megtart\u00e1s\u00e1hoz, formameg\u00f6rz\u0151 \u00edv, amely\u00a0 nagyon j\u00f3 v\u00e9geredm\u00e9nyhez vezet. Nincs sz\u00fcks\u00e9g\u00fcnk rugalmas, vagy f\u00e9m lek\u00f6t\u00e9sekre! Val\u00f3sz\u00edn\u00fcleg a Damon szerkezet egyike a legk\u00e9nyelmesebb fogszab\u00e1lyz\u00f3 k\u00e9sz\u00fcl\u00e9keknek. A k\u00e9nyelem abb\u00f3l fakad,hogy az alkalmak sz\u00e1ma\u00a0 ezen k\u00e9sz\u00fcl\u00e9kek aktiv\u00e1l\u00e1s\u00e1ra sokkal kevesebb, mint a hagyom\u00e1nyos technikai m\u00f3dszerekre. A szerkezetet sokkal egyszer\u0171bb tiszt\u00e1n tartani, \u00e9s a kezel\u00e9si id\u0151tartam is r\u00f6videbb.<\/p>\n<p>T\u00f6bb f\u00e9le Damon modell l\u00e9tezik: a klasszikus, amely f\u00e9mb\u0151l van, valamint azoknak a p\u00e1cienseknek, akik diszkr\u00e9tebb rendszert szeretn\u00e9nek, van ker\u00e1mia (vil\u00e1gos), amely szinte l\u00e1thatatlan, ellen\u00e1ll a foltoknak \u00e9s az elszinez\u0151d\u00e9seknek a kezel\u00e9s teljes ideje alatt.<\/p>\n<div class=\"art-PostContent\"><\/div>\n<\/div><\/section>\n","protected":false},"excerpt":{"rendered":"","protected":false},"author":1,"featured_media":0,"parent":0,"menu_order":0,"comment_status":"open","ping_status":"closed","template":"","meta":{"footnotes":""},"_links":{"self":[{"href":"https:\/\/ecadent.ro\/hu\/wp-json\/wp\/v2\/pages\/1566"}],"collection":[{"href":"https:\/\/ecadent.ro\/hu\/wp-json\/wp\/v2\/pages"}],"about":[{"href":"https:\/\/ecadent.ro\/hu\/wp-json\/wp\/v2\/types\/page"}],"author":[{"embeddable":true,"href":"https:\/\/ecadent.ro\/hu\/wp-json\/wp\/v2\/users\/1"}],"replies":[{"embeddable":true,"href":"https:\/\/ecadent.ro\/hu\/wp-json\/wp\/v2\/comments?post=1566"}],"version-history":[{"count":1,"href":"https:\/\/ecadent.ro\/hu\/wp-json\/wp\/v2\/pages\/1566\/revisions"}],"predecessor-version":[{"id":1567,"href":"https:\/\/ecadent.ro\/hu\/wp-json\/wp\/v2\/pages\/1566\/revisions\/1567"}],"wp:attachment":[{"href":"https:\/\/ecadent.ro\/hu\/wp-json\/wp\/v2\/media?parent=1566"}],"curies":[{"name":"wp","href":"https:\/\/api.w.org\/{rel}","templated":true}]}}