{"id":1580,"date":"2016-06-11T13:30:38","date_gmt":"2016-06-11T10:30:38","guid":{"rendered":"http:\/\/ecadent.hostcluster.eu\/hu\/?page_id=1580"},"modified":"2016-06-11T17:17:39","modified_gmt":"2016-06-11T14:17:39","slug":"maradando-fogak-vedelme-specialis-bevonattal","status":"publish","type":"page","link":"https:\/\/ecadent.ro\/hu\/maradando-fogak-vedelme-specialis-bevonattal.html","title":{"rendered":"Maradand\u00f3 fogak v\u00e9delme speci\u00e1lis bevonattal"},"content":{"rendered":"<h3 class=\"art-PostHeader\">Maradand\u00f3 fogak v\u00e9delme speci\u00e1lis bevonattal<\/h3>\n<div class=\"art-PostContent\">\n<div class=\"art-article\">\n<p>A maradand\u00f3 fogak bevon\u00e1sa egy egyszer\u0171, f\u00e1jdalommentes fog\u00e1szati folyamat, nem sz\u00fcks\u00e9ges hozz\u00e1 \u00e9rz\u00e9stelen\u00edt\u00e9s, vagy f\u00far\u00f3berendez\u00e9s. Az alapvet\u0151 felt\u00e9tele annak, hogy a bevon\u00e1str\u00e1helyezz\u00e9k az, hogy a fog\/fogak m\u00e9g kezdeti szuvasod\u00e1st se tartalmazzanak.<\/p>\n<p>A v\u00e9gleges bevon\u00e1s 6 h\u00f3nappal a fog kezel\u00e9se ut\u00e1n aj\u00e1nlott, a m\u00e9ly dombor\u00fa vagy m\u00e9ly \u00e1rk\u00fa fogaknak, f\u0151leg az \u00f6rl\u0151fogaknak.<\/p>\n<p>A fogbevon\u00e1s gyanta r\u00e9szecsk\u00e9k r\u00e9v\u00e9n t\u00f6rt\u00e9nik, kompomerek vagy \u00fcvegionomerek seg\u00edts\u00e9g\u00e9vel. Ezek az alapanyagok nagyon ellen\u00e1ll\u00f3ak kell legyenek, k\u00f6nnyen alkalmazhat\u00f3ak, \u00e9s v\u00e9dj\u00e9k a fog sz\u00f6veteit fluor felszabad\u00edt\u00e1ssal.<\/p>\n<p>A technika egy szigor\u00fa fogtiszt\u00edt\u00e1sb\u00f3l \u00e1ll a bakt\u00e9riumr\u00e9teg elt\u00e1vol\u00edt\u00e1s\u00e1ra, majd izol\u00e1lj\u00e1k a fogat \u00e9s foly\u00e9kony bevonatot alkalmaznak, amely UV f\u00e9nyn\u00e9l 10-20 m\u00e1sodperc alatt megkem\u00e9nyedik.<\/p>\n<p>A bevonatot kb. 2\u00e9vig tartj\u00e1k meg, ezalatt v\u00e9di a fogat a fogszuvasod\u00e1st\u00f3l. A bevonat hat\u00e9konys\u00e1ga a p\u00e1ciens hig\u00e9ni\u00e1j\u00e1t\u00f3l is f\u00fcgg, a hat\u00e9kony fogtiszt\u00edt\u00e1st\u00f3l.<\/p>\n<p>Aj\u00e1nlj\u00e1k az id\u0151szakos ellen\u0151rz\u00e9st 6 h\u00f3naponk\u00e9nt \u00e9s sz\u00fcks\u00e9g eset\u00e9n a bevonat kicser\u00e9l\u00e9s\u00e9t.<\/p>\n<\/div>\n<\/div>\n","protected":false},"excerpt":{"rendered":"<p>Maradand\u00f3 fogak v\u00e9delme speci\u00e1lis bevonattal A maradand\u00f3 fogak bevon\u00e1sa egy egyszer\u0171, f\u00e1jdalommentes fog\u00e1szati folyamat, nem sz\u00fcks\u00e9ges hozz\u00e1 \u00e9rz\u00e9stelen\u00edt\u00e9s, vagy f\u00far\u00f3berendez\u00e9s. Az alapvet\u0151 felt\u00e9tele annak, hogy a bevon\u00e1str\u00e1helyezz\u00e9k az, hogy a fog\/fogak m\u00e9g kezdeti szuvasod\u00e1st se tartalmazzanak. A v\u00e9gleges bevon\u00e1s 6 h\u00f3nappal a fog kezel\u00e9se ut\u00e1n aj\u00e1nlott, a m\u00e9ly dombor\u00fa vagy m\u00e9ly \u00e1rk\u00fa fogaknak, f\u0151leg az [&hellip;]<\/p>\n","protected":false},"author":1,"featured_media":0,"parent":0,"menu_order":0,"comment_status":"open","ping_status":"open","template":"","meta":{"footnotes":""},"_links":{"self":[{"href":"https:\/\/ecadent.ro\/hu\/wp-json\/wp\/v2\/pages\/1580"}],"collection":[{"href":"https:\/\/ecadent.ro\/hu\/wp-json\/wp\/v2\/pages"}],"about":[{"href":"https:\/\/ecadent.ro\/hu\/wp-json\/wp\/v2\/types\/page"}],"author":[{"embeddable":true,"href":"https:\/\/ecadent.ro\/hu\/wp-json\/wp\/v2\/users\/1"}],"replies":[{"embeddable":true,"href":"https:\/\/ecadent.ro\/hu\/wp-json\/wp\/v2\/comments?post=1580"}],"version-history":[{"count":1,"href":"https:\/\/ecadent.ro\/hu\/wp-json\/wp\/v2\/pages\/1580\/revisions"}],"predecessor-version":[{"id":1581,"href":"https:\/\/ecadent.ro\/hu\/wp-json\/wp\/v2\/pages\/1580\/revisions\/1581"}],"wp:attachment":[{"href":"https:\/\/ecadent.ro\/hu\/wp-json\/wp\/v2\/media?parent=1580"}],"curies":[{"name":"wp","href":"https:\/\/api.w.org\/{rel}","templated":true}]}}